{"id":50,"date":"2018-06-19T10:44:17","date_gmt":"2018-06-19T08:44:17","guid":{"rendered":"https:\/\/test1.plannamedia.pl\/?page_id=50"},"modified":"2026-01-20T12:01:47","modified_gmt":"2026-01-20T11:01:47","slug":"o-nas","status":"publish","type":"page","link":"https:\/\/test1.plannamedia.pl\/?page_id=50","title":{"rendered":"O nas"},"content":{"rendered":"\t\t<div data-elementor-type=\"wp-page\" data-elementor-id=\"50\" class=\"elementor elementor-50\">\n\t\t\t\t<div class=\"aux-parallax-section elementor-element elementor-element-5e36217 e-flex e-con-boxed wpr-particle-no wpr-jarallax-no wpr-parallax-no wpr-sticky-section-no e-con e-parent\" data-id=\"5e36217\" data-element_type=\"container\" data-settings=\"{&quot;background_background&quot;:&quot;classic&quot;}\">\n\t\t\t\t\t<div class=\"e-con-inner\">\n\t\t<div class=\"elementor-element elementor-element-8504aa0 aux-appear-watch-animation aux-fade-in-right e-con-full e-flex wpr-particle-no wpr-jarallax-no wpr-parallax-no wpr-sticky-section-no e-con e-child\" data-id=\"8504aa0\" data-element_type=\"container\">\n\t\t\t\t<div class=\"elementor-element elementor-element-121a779 elementor-widget elementor-widget-aux_modern_heading\" data-id=\"121a779\" data-element_type=\"widget\" data-widget_type=\"aux_modern_heading.default\">\n\t\t\t\t<div class=\"elementor-widget-container\">\n\t\t\t\t\t<section class=\"aux-widget-modern-heading\">\n            <div class=\"aux-widget-inner\"><h2 class=\"aux-modern-heading-primary\">O nas<\/h2><\/div>\n        <\/section>\t\t\t\t<\/div>\n\t\t\t\t<\/div>\n\t\t\t\t<\/div>\n\t\t\t\t\t<\/div>\n\t\t\t\t<\/div>\n\t\t<div class=\"aux-parallax-section elementor-element elementor-element-46e1247 e-flex e-con-boxed wpr-particle-no wpr-jarallax-no wpr-parallax-no wpr-sticky-section-no e-con e-parent\" data-id=\"46e1247\" data-element_type=\"container\">\n\t\t\t\t\t<div class=\"e-con-inner\">\n\t\t<div class=\"elementor-element elementor-element-baae426 e-con-full e-flex wpr-particle-no wpr-jarallax-no wpr-parallax-no wpr-sticky-section-no e-con e-child\" data-id=\"baae426\" data-element_type=\"container\">\n\t\t\t\t<div class=\"elementor-element elementor-element-ab98aaa aux-appear-watch-animation aux-fade-in-up elementor-widget elementor-widget-aux_modern_heading\" data-id=\"ab98aaa\" data-element_type=\"widget\" data-widget_type=\"aux_modern_heading.default\">\n\t\t\t\t<div class=\"elementor-widget-container\">\n\t\t\t\t\t<section class=\"aux-widget-modern-heading\">\n            <div class=\"aux-widget-inner\"><h2 class=\"aux-modern-heading-primary\"><\/h2><h3 class=\"aux-modern-heading-secondary\"><span class=\"aux-head-before\">Poznaj nas bli\u017cej<\/span><\/h3><div class=\"aux-modern-heading-divider\"><\/div><div class=\"aux-modern-heading-description\"><p data-start=\"147\" data-end=\"402\">Jeste\u015bmy dynamicznie rozwijaj\u0105c\u0105 si\u0119 firm\u0105 transportow\u0105, specjalizuj\u0105c\u0105 si\u0119 w mi\u0119dzynarodowych przewozach drogowych na trasie Polska\u2013Hiszpania. Od pocz\u0105tku naszej dzia\u0142alno\u015bci stawiamy na niezawodno\u015b\u0107, terminowo\u015b\u0107 i profesjonaln\u0105 obs\u0142ug\u0119 ka\u017cdego zlecenia.<\/p><p data-start=\"404\" data-end=\"759\">Dzi\u0119ki nowoczesnej flocie pojazd\u00f3w oraz do\u015bwiadczonemu zespo\u0142owi kierowc\u00f3w i logistyk\u00f3w, gwarantujemy bezpieczny i sprawny transport towar\u00f3w na terenie ca\u0142ej Europy, ze szczeg\u00f3lnym uwzgl\u0119dnieniem kierunku po\u0142udniowo-zachodniego. Obs\u0142ugujemy zar\u00f3wno klient\u00f3w biznesowych, jak i indywidualnych, dostosowuj\u0105c nasze us\u0142ugi do indywidualnych potrzeb i wymaga\u0144.<\/p><p data-start=\"761\" data-end=\"1009\">Naszym celem jest budowanie d\u0142ugofalowych relacji z klientami opartych na zaufaniu, elastyczno\u015bci i wysokiej jako\u015bci us\u0142ug. Dzia\u0142amy odpowiedzialnie, dbaj\u0105c o ka\u017cdy etap realizacji zlecenia \u2013 od przyj\u0119cia zam\u00f3wienia, przez za\u0142adunek, a\u017c po dostaw\u0119.<\/p><p data-start=\"1011\" data-end=\"1105\">Je\u015bli szukasz solidnego partnera w transporcie Polska\u2013Hiszpania \u2013 jeste\u015b we w\u0142a\u015bciwym miejscu.<\/p><\/div><\/div>\n        <\/section>\t\t\t\t<\/div>\n\t\t\t\t<\/div>\n\t\t\t\t<\/div>\n\t\t<div class=\"elementor-element elementor-element-3704b04 aux-appear-watch-animation aux-scale-down e-con-full e-flex wpr-particle-no wpr-jarallax-no wpr-parallax-no wpr-sticky-section-no e-con e-child\" data-id=\"3704b04\" data-element_type=\"container\">\n\t\t\t\t<div class=\"elementor-element elementor-element-8db1082 elementor-widget elementor-widget-aux_image\" data-id=\"8db1082\" data-element_type=\"widget\" data-widget_type=\"aux_image.default\">\n\t\t\t\t<div class=\"elementor-widget-container\">\n\t\t\t\t\t<section class=\"widget-container aux-widget-image aux-alignnone aux-parent-au5756d17b\">\n    <div class=\"aux-media-hint-frame \">\n        <div class=\"aux-media-image \" >\n        \n            \n\n            \n            <img fetchpriority=\"high\" decoding=\"async\" width=\"784\" height=\"700\" src=\"data:image\/gif;base64,R0lGODlhAQABAIAAAAAAAP\/\/\/yH5BAEAAAAALAAAAAABAAEAAAIBRAA7\" class=\"aux-attachment aux-featured-image aux-attachment-id-152 aux-preload aux-blank\" alt=\"493475066_122108269352866210_1173333480434468965_n-1-1024x1024\" data-ratio=\"1.12\" data-original-w=\"1024\" sizes=\"auto\" data-srcset=\"https:\/\/test1.plannamedia.pl\/wp-content\/uploads\/2026\/01\/493475066_122108269352866210_1173333480434468965_n-1-1024x1024-1-150x134.jpg 150w,https:\/\/test1.plannamedia.pl\/wp-content\/uploads\/2026\/01\/493475066_122108269352866210_1173333480434468965_n-1-1024x1024-1-300x268.jpg 300w,https:\/\/test1.plannamedia.pl\/wp-content\/uploads\/2026\/01\/493475066_122108269352866210_1173333480434468965_n-1-1024x1024-1-768x686.jpg 768w,https:\/\/test1.plannamedia.pl\/wp-content\/uploads\/2026\/01\/493475066_122108269352866210_1173333480434468965_n-1-1024x1024-1-784x700.jpg 784w\" data-src=\"https:\/\/test1.plannamedia.pl\/wp-content\/uploads\/2026\/01\/493475066_122108269352866210_1173333480434468965_n-1-1024x1024-1-784x700.jpg\" \/>            \n                <\/div>\n    <\/div>\n\n<\/section><!-- widget-container -->\t\t\t\t<\/div>\n\t\t\t\t<\/div>\n\t\t\t\t<\/div>\n\t\t\t\t\t<\/div>\n\t\t\t\t<\/div>\n\t\t\t\t<\/div>\n\t\t","protected":false},"excerpt":{"rendered":"<p>O nas Poznaj nas bli\u017cej Jeste\u015bmy dynamicznie rozwijaj\u0105c\u0105 si\u0119 firm\u0105 transportow\u0105, specjalizuj\u0105c\u0105 si\u0119 w mi\u0119dzynarodowych przewozach drogowych na trasie Polska\u2013Hiszpania. Od pocz\u0105tku naszej dzia\u0142alno\u015bci stawiamy na niezawodno\u015b\u0107, terminowo\u015b\u0107 i profesjonaln\u0105 obs\u0142ug\u0119 ka\u017cdego zlecenia. Dzi\u0119ki nowoczesnej flocie pojazd\u00f3w oraz do\u015bwiadczonemu zespo\u0142owi kierowc\u00f3w i logistyk\u00f3w, gwarantujemy bezpieczny i sprawny transport towar\u00f3w na terenie ca\u0142ej Europy, ze szczeg\u00f3lnym uwzgl\u0119dnieniem kierunku po\u0142udniowo-zachodniego. Obs\u0142ugujemy zar\u00f3wno klient\u00f3w biznesowych, jak i indywidualnych, dostosowuj\u0105c nasze us\u0142ugi do indywidualnych potrzeb i wymaga\u0144. Naszym celem jest budowanie d\u0142ugofalowych relacji z klientami opartych na zaufaniu, elastyczno\u015bci i wysokiej jako\u015bci us\u0142ug. Dzia\u0142amy odpowiedzialnie, dbaj\u0105c o ka\u017cdy etap realizacji zlecenia \u2013 od przyj\u0119cia zam\u00f3wienia, przez za\u0142adunek, a\u017c po dostaw\u0119. Je\u015bli szukasz solidnego partnera w transporcie Polska\u2013Hiszpania \u2013 jeste\u015b we w\u0142a\u015bciwym miejscu.<\/p>\n","protected":false},"author":1,"featured_media":0,"parent":0,"menu_order":0,"comment_status":"closed","ping_status":"closed","template":"templates\/page-builder-content.php","meta":{"footnotes":""},"class_list":["post-50","page","type-page","status-publish","hentry"],"_links":{"self":[{"href":"https:\/\/test1.plannamedia.pl\/index.php?rest_route=\/wp\/v2\/pages\/50","targetHints":{"allow":["GET"]}}],"collection":[{"href":"https:\/\/test1.plannamedia.pl\/index.php?rest_route=\/wp\/v2\/pages"}],"about":[{"href":"https:\/\/test1.plannamedia.pl\/index.php?rest_route=\/wp\/v2\/types\/page"}],"author":[{"embeddable":true,"href":"https:\/\/test1.plannamedia.pl\/index.php?rest_route=\/wp\/v2\/users\/1"}],"replies":[{"embeddable":true,"href":"https:\/\/test1.plannamedia.pl\/index.php?rest_route=%2Fwp%2Fv2%2Fcomments&post=50"}],"version-history":[{"count":4,"href":"https:\/\/test1.plannamedia.pl\/index.php?rest_route=\/wp\/v2\/pages\/50\/revisions"}],"predecessor-version":[{"id":159,"href":"https:\/\/test1.plannamedia.pl\/index.php?rest_route=\/wp\/v2\/pages\/50\/revisions\/159"}],"wp:attachment":[{"href":"https:\/\/test1.plannamedia.pl\/index.php?rest_route=%2Fwp%2Fv2%2Fmedia&parent=50"}],"curies":[{"name":"wp","href":"https:\/\/api.w.org\/{rel}","templated":true}]}}