{"id":208,"date":"2026-01-27T18:11:22","date_gmt":"2026-01-27T17:11:22","guid":{"rendered":"https:\/\/test1.plannamedia.pl\/?page_id=208"},"modified":"2026-01-27T18:16:13","modified_gmt":"2026-01-27T17:16:13","slug":"transport-polska-hiszpania","status":"publish","type":"page","link":"https:\/\/test1.plannamedia.pl\/?page_id=208","title":{"rendered":"Transport Polska-Hiszpania"},"content":{"rendered":"\t\t<div data-elementor-type=\"wp-page\" data-elementor-id=\"208\" class=\"elementor elementor-208\">\n\t\t\t\t<div class=\"aux-parallax-section elementor-element elementor-element-5e36217 e-flex e-con-boxed wpr-particle-no wpr-jarallax-no wpr-parallax-no wpr-sticky-section-no e-con e-parent\" data-id=\"5e36217\" data-element_type=\"container\" data-settings=\"{&quot;background_background&quot;:&quot;classic&quot;}\">\n\t\t\t\t\t<div class=\"e-con-inner\">\n\t\t<div class=\"elementor-element elementor-element-8504aa0 aux-appear-watch-animation aux-fade-in-right e-con-full e-flex wpr-particle-no wpr-jarallax-no wpr-parallax-no wpr-sticky-section-no e-con e-child\" data-id=\"8504aa0\" data-element_type=\"container\">\n\t\t\t\t<div class=\"elementor-element elementor-element-121a779 elementor-widget elementor-widget-aux_modern_heading\" data-id=\"121a779\" data-element_type=\"widget\" data-widget_type=\"aux_modern_heading.default\">\n\t\t\t\t<div class=\"elementor-widget-container\">\n\t\t\t\t\t<section class=\"aux-widget-modern-heading\">\n            <div class=\"aux-widget-inner\"><h2 class=\"aux-modern-heading-primary\">Transport Polska Hiszpania\n<\/h2><\/div>\n        <\/section>\t\t\t\t<\/div>\n\t\t\t\t<\/div>\n\t\t\t\t<\/div>\n\t\t\t\t\t<\/div>\n\t\t\t\t<\/div>\n\t\t<div class=\"aux-parallax-section elementor-element elementor-element-46e1247 e-flex e-con-boxed wpr-particle-no wpr-jarallax-no wpr-parallax-no wpr-sticky-section-no e-con e-parent\" data-id=\"46e1247\" data-element_type=\"container\">\n\t\t\t\t\t<div class=\"e-con-inner\">\n\t\t<div class=\"elementor-element elementor-element-baae426 e-con-full e-flex wpr-particle-no wpr-jarallax-no wpr-parallax-no wpr-sticky-section-no e-con e-child\" data-id=\"baae426\" data-element_type=\"container\">\n\t\t\t\t<div class=\"elementor-element elementor-element-ab98aaa aux-appear-watch-animation aux-fade-in-up elementor-widget elementor-widget-aux_modern_heading\" data-id=\"ab98aaa\" data-element_type=\"widget\" data-widget_type=\"aux_modern_heading.default\">\n\t\t\t\t<div class=\"elementor-widget-container\">\n\t\t\t\t\t<section class=\"aux-widget-modern-heading\">\n            <div class=\"aux-widget-inner\"><h2 class=\"aux-modern-heading-primary\"><\/h2><h3 class=\"aux-modern-heading-secondary\"><span class=\"aux-head-before\">Szybki i bezpieczny przew\u00f3z<\/span><\/h3><div class=\"aux-modern-heading-divider\"><\/div><div class=\"aux-modern-heading-description\"><p data-start=\"232\" data-end=\"536\">\u015awiadczymy kompleksowe us\u0142ugi transportowe na trasie <strong data-start=\"288\" data-end=\"334\">Polska \u2013 Hiszpania oraz Hiszpania \u2013 Polska<\/strong>. Specjalizujemy si\u0119 w przewozie paczek, \u0142adunk\u00f3w drobnicowych oraz towar\u00f3w firmowych, zapewniaj\u0105c terminowo\u015b\u0107, bezpiecze\u0144stwo i sta\u0142y kontakt na ka\u017cdym etapie realizacji zlecenia.<\/p><p data-start=\"790\" data-end=\"812\"><em><strong>Co transportujemy?<\/strong><\/em><\/p><p data-start=\"815\" data-end=\"846\">-paczki i przesy\u0142ki kurierskie<\/p><p data-start=\"849\" data-end=\"869\">-\u0142adunki drobnicowe<\/p><p data-start=\"872\" data-end=\"899\">-towary firmowe i handlowe<\/p><p data-start=\"902\" data-end=\"932\">-wyposa\u017cenie, sprz\u0119t i mienie<\/p><p data-start=\"934\" data-end=\"958\"><em><strong>Obs\u0142uga door-to-door<\/strong><\/em><\/p><p data-start=\"959\" data-end=\"1009\">Oferujemy wygodny transport <strong data-start=\"987\" data-end=\"1008\">od drzwi do drzwi<\/strong>:<\/p><p data-start=\"1012\" data-end=\"1048\">-odbi\u00f3r przesy\u0142ek na terenie Polski<\/p><p data-start=\"1051\" data-end=\"1087\">-dostawa na terenie ca\u0142ej Hiszpanii<\/p><p data-start=\"1090\" data-end=\"1140\">-mo\u017cliwo\u015b\u0107 magazynowania przed lub po transporcie<\/p><\/div><\/div>\n        <\/section>\t\t\t\t<\/div>\n\t\t\t\t<\/div>\n\t\t\t\t<\/div>\n\t\t<div class=\"elementor-element elementor-element-3704b04 aux-appear-watch-animation aux-scale-down e-con-full e-flex wpr-particle-no wpr-jarallax-no wpr-parallax-no wpr-sticky-section-no e-con e-child\" data-id=\"3704b04\" data-element_type=\"container\">\n\t\t\t\t<div class=\"elementor-element elementor-element-8db1082 elementor-widget elementor-widget-aux_image\" data-id=\"8db1082\" data-element_type=\"widget\" data-widget_type=\"aux_image.default\">\n\t\t\t\t<div class=\"elementor-widget-container\">\n\t\t\t\t\t<section class=\"widget-container aux-widget-image aux-alignnone aux-parent-au61c40762\">\n    <div class=\"aux-media-hint-frame \">\n        <div class=\"aux-media-image \" >\n        \n            \n\n            \n            <img fetchpriority=\"high\" decoding=\"async\" width=\"1707\" height=\"2560\" src=\"data:image\/gif;base64,R0lGODlhAQABAIAAAAAAAP\/\/\/yH5BAEAAAAALAAAAAABAAEAAAIBRAA7\" class=\"aux-attachment aux-featured-image aux-attachment-id-210 aux-preload aux-blank\" alt=\"pexels-joaquin-carfagna-3131171-17573938\" data-ratio=\"0.67\" data-original-w=\"1707\" data-src=\"https:\/\/test1.plannamedia.pl\/wp-content\/uploads\/2026\/01\/pexels-joaquin-carfagna-3131171-17573938-scaled.jpg\" \/>            \n                <\/div>\n    <\/div>\n\n<\/section><!-- widget-container -->\t\t\t\t<\/div>\n\t\t\t\t<\/div>\n\t\t\t\t<\/div>\n\t\t\t\t\t<\/div>\n\t\t\t\t<\/div>\n\t\t\t\t<\/div>\n\t\t","protected":false},"excerpt":{"rendered":"<p>Transport Polska Hiszpania Szybki i bezpieczny przew\u00f3z \u015awiadczymy kompleksowe us\u0142ugi transportowe na trasie Polska \u2013 Hiszpania oraz Hiszpania \u2013 Polska. Specjalizujemy si\u0119 w przewozie paczek, \u0142adunk\u00f3w drobnicowych oraz towar\u00f3w firmowych, zapewniaj\u0105c terminowo\u015b\u0107, bezpiecze\u0144stwo i sta\u0142y kontakt na ka\u017cdym etapie realizacji zlecenia. Co transportujemy? -paczki i przesy\u0142ki kurierskie -\u0142adunki drobnicowe -towary firmowe i handlowe -wyposa\u017cenie, sprz\u0119t i mienie Obs\u0142uga door-to-door Oferujemy wygodny transport od drzwi do drzwi: -odbi\u00f3r przesy\u0142ek na terenie Polski -dostawa na terenie ca\u0142ej Hiszpanii -mo\u017cliwo\u015b\u0107 magazynowania przed lub po transporcie<\/p>\n","protected":false},"author":1,"featured_media":0,"parent":0,"menu_order":0,"comment_status":"closed","ping_status":"closed","template":"templates\/page-builder-content.php","meta":{"footnotes":""},"class_list":["post-208","page","type-page","status-publish","hentry"],"_links":{"self":[{"href":"https:\/\/test1.plannamedia.pl\/index.php?rest_route=\/wp\/v2\/pages\/208","targetHints":{"allow":["GET"]}}],"collection":[{"href":"https:\/\/test1.plannamedia.pl\/index.php?rest_route=\/wp\/v2\/pages"}],"about":[{"href":"https:\/\/test1.plannamedia.pl\/index.php?rest_route=\/wp\/v2\/types\/page"}],"author":[{"embeddable":true,"href":"https:\/\/test1.plannamedia.pl\/index.php?rest_route=\/wp\/v2\/users\/1"}],"replies":[{"embeddable":true,"href":"https:\/\/test1.plannamedia.pl\/index.php?rest_route=%2Fwp%2Fv2%2Fcomments&post=208"}],"version-history":[{"count":4,"href":"https:\/\/test1.plannamedia.pl\/index.php?rest_route=\/wp\/v2\/pages\/208\/revisions"}],"predecessor-version":[{"id":213,"href":"https:\/\/test1.plannamedia.pl\/index.php?rest_route=\/wp\/v2\/pages\/208\/revisions\/213"}],"wp:attachment":[{"href":"https:\/\/test1.plannamedia.pl\/index.php?rest_route=%2Fwp%2Fv2%2Fmedia&parent=208"}],"curies":[{"name":"wp","href":"https:\/\/api.w.org\/{rel}","templated":true}]}}