{"id":197,"date":"2026-01-27T17:51:28","date_gmt":"2026-01-27T16:51:28","guid":{"rendered":"https:\/\/test1.plannamedia.pl\/?page_id=197"},"modified":"2026-01-30T14:52:06","modified_gmt":"2026-01-30T13:52:06","slug":"magazynowanie","status":"publish","type":"page","link":"https:\/\/test1.plannamedia.pl\/?page_id=197","title":{"rendered":"Magazynowanie"},"content":{"rendered":"\t\t<div data-elementor-type=\"wp-page\" data-elementor-id=\"197\" class=\"elementor elementor-197\">\n\t\t\t\t<div class=\"aux-parallax-section elementor-element elementor-element-5e36217 e-flex e-con-boxed wpr-particle-no wpr-jarallax-no wpr-parallax-no wpr-sticky-section-no e-con e-parent\" data-id=\"5e36217\" data-element_type=\"container\" data-settings=\"{&quot;background_background&quot;:&quot;classic&quot;}\">\n\t\t\t\t\t<div class=\"e-con-inner\">\n\t\t<div class=\"elementor-element elementor-element-8504aa0 aux-appear-watch-animation aux-fade-in-right e-con-full e-flex wpr-particle-no wpr-jarallax-no wpr-parallax-no wpr-sticky-section-no e-con e-child\" data-id=\"8504aa0\" data-element_type=\"container\">\n\t\t\t\t<div class=\"elementor-element elementor-element-121a779 elementor-widget elementor-widget-aux_modern_heading\" data-id=\"121a779\" data-element_type=\"widget\" data-widget_type=\"aux_modern_heading.default\">\n\t\t\t\t<div class=\"elementor-widget-container\">\n\t\t\t\t\t<section class=\"aux-widget-modern-heading\">\n            <div class=\"aux-widget-inner\"><h2 class=\"aux-modern-heading-primary\">Magazynowanie<\/h2><\/div>\n        <\/section>\t\t\t\t<\/div>\n\t\t\t\t<\/div>\n\t\t\t\t<\/div>\n\t\t\t\t\t<\/div>\n\t\t\t\t<\/div>\n\t\t<div class=\"aux-parallax-section elementor-element elementor-element-46e1247 e-flex e-con-boxed wpr-particle-no wpr-jarallax-no wpr-parallax-no wpr-sticky-section-no e-con e-parent\" data-id=\"46e1247\" data-element_type=\"container\">\n\t\t\t\t\t<div class=\"e-con-inner\">\n\t\t<div class=\"elementor-element elementor-element-baae426 e-con-full e-flex wpr-particle-no wpr-jarallax-no wpr-parallax-no wpr-sticky-section-no e-con e-child\" data-id=\"baae426\" data-element_type=\"container\">\n\t\t\t\t<div class=\"elementor-element elementor-element-ab98aaa aux-appear-watch-animation aux-fade-in-up elementor-widget elementor-widget-aux_modern_heading\" data-id=\"ab98aaa\" data-element_type=\"widget\" data-widget_type=\"aux_modern_heading.default\">\n\t\t\t\t<div class=\"elementor-widget-container\">\n\t\t\t\t\t<section class=\"aux-widget-modern-heading\">\n            <div class=\"aux-widget-inner\"><h2 class=\"aux-modern-heading-primary\"><\/h2><h3 class=\"aux-modern-heading-secondary\"><span class=\"aux-head-before\">Magazynowanie i przechowywanie paczek<\/span><\/h3><div class=\"aux-modern-heading-divider\"><\/div><div class=\"aux-modern-heading-description\"><p data-start=\"232\" data-end=\"536\">Oferujemy bezpieczne i elastyczne <strong data-start=\"266\" data-end=\"303\">magazynowanie paczek oraz towar\u00f3w<\/strong> w ramach obs\u0142ugi transportu na trasie <strong data-start=\"342\" data-end=\"362\">Polska\u2013Hiszpania<\/strong>. Nasza us\u0142uga jest idealnym rozwi\u0105zaniem dla firm oraz klient\u00f3w indywidualnych, kt\u00f3rzy potrzebuj\u0105 czasowego przechowania przesy\u0142ek przed dalszym transportem lub dystrybucj\u0105.<\/p><p data-start=\"538\" data-end=\"567\"><em><strong>Bezpieczne przechowywanie<\/strong><\/em><\/p><p data-start=\"568\" data-end=\"631\">Zapewniamy nowoczesne, monitorowane magazyny, kt\u00f3re gwarantuj\u0105:<\/p><p>-ochron\u0119 przed uszkodzeniami i warunkami atmosferycznymi<\/p><p data-start=\"694\" data-end=\"727\">-sta\u0142y nadz\u00f3r i kontrol\u0119 dost\u0119pu<\/p><p data-start=\"730\" data-end=\"783\">-odpowiednie warunki dla paczek i towar\u00f3w paletowych<\/p><\/div><\/div>\n        <\/section>\t\t\t\t<\/div>\n\t\t\t\t<\/div>\n\t\t\t\t<\/div>\n\t\t<div class=\"elementor-element elementor-element-3704b04 aux-appear-watch-animation aux-scale-down e-con-full e-flex wpr-particle-no wpr-jarallax-no wpr-parallax-no wpr-sticky-section-no e-con e-child\" data-id=\"3704b04\" data-element_type=\"container\">\n\t\t\t\t<div class=\"elementor-element elementor-element-8db1082 elementor-widget elementor-widget-aux_image\" data-id=\"8db1082\" data-element_type=\"widget\" data-widget_type=\"aux_image.default\">\n\t\t\t\t<div class=\"elementor-widget-container\">\n\t\t\t\t\t<section class=\"widget-container aux-widget-image aux-alignnone aux-parent-auaff959ca\">\n    <div class=\"aux-media-hint-frame \">\n        <div class=\"aux-media-image \" >\n        \n            \n\n            \n            <img fetchpriority=\"high\" decoding=\"async\" width=\"500\" height=\"275\" src=\"data:image\/gif;base64,R0lGODlhAQABAIAAAAAAAP\/\/\/yH5BAEAAAAALAAAAAABAAEAAAIBRAA7\" class=\"aux-attachment aux-featured-image aux-attachment-id-173 aux-preload aux-blank\" alt=\"4\" data-ratio=\"1.12\" data-original-w=\"500\" sizes=\"auto\" data-srcset=\"https:\/\/test1.plannamedia.pl\/wp-content\/uploads\/2026\/01\/4-150x134.png 150w,https:\/\/test1.plannamedia.pl\/wp-content\/uploads\/2026\/01\/4-300x268.png 300w,https:\/\/test1.plannamedia.pl\/wp-content\/uploads\/2026\/01\/4-784x700.png 500w\" data-src=\"https:\/\/test1.plannamedia.pl\/wp-content\/uploads\/2026\/01\/4-784x700.png\" \/>            \n                <\/div>\n    <\/div>\n\n<\/section><!-- widget-container -->\t\t\t\t<\/div>\n\t\t\t\t<\/div>\n\t\t\t\t<\/div>\n\t\t\t\t\t<\/div>\n\t\t\t\t<\/div>\n\t\t<div class=\"aux-parallax-section elementor-element elementor-element-5d32a08 e-flex e-con-boxed wpr-particle-no wpr-jarallax-no wpr-parallax-no wpr-sticky-section-no e-con e-parent\" data-id=\"5d32a08\" data-element_type=\"container\">\n\t\t\t\t\t<div class=\"e-con-inner\">\n\t\t<div class=\"elementor-element elementor-element-00145c6 aux-appear-watch-animation aux-scale-down e-con-full elementor-hidden-mobile e-flex wpr-particle-no wpr-jarallax-no wpr-parallax-no wpr-sticky-section-no e-con e-child\" data-id=\"00145c6\" data-element_type=\"container\">\n\t\t\t\t<div class=\"elementor-element elementor-element-cae48d0 elementor-widget elementor-widget-aux_image\" data-id=\"cae48d0\" data-element_type=\"widget\" data-widget_type=\"aux_image.default\">\n\t\t\t\t<div class=\"elementor-widget-container\">\n\t\t\t\t\t<section class=\"widget-container aux-widget-image aux-alignnone aux-parent-au3ebece48\">\n    <div class=\"aux-media-hint-frame \">\n        <div class=\"aux-media-image \" >\n        \n            \n\n            \n            <img decoding=\"async\" width=\"500\" height=\"275\" src=\"data:image\/gif;base64,R0lGODlhAQABAIAAAAAAAP\/\/\/yH5BAEAAAAALAAAAAABAAEAAAIBRAA7\" class=\"aux-attachment aux-featured-image aux-attachment-id-172 aux-preload aux-blank\" alt=\"3\" data-ratio=\"1.12\" data-original-w=\"500\" sizes=\"auto\" data-srcset=\"https:\/\/test1.plannamedia.pl\/wp-content\/uploads\/2026\/01\/3-150x134.png 150w,https:\/\/test1.plannamedia.pl\/wp-content\/uploads\/2026\/01\/3-300x268.png 300w,https:\/\/test1.plannamedia.pl\/wp-content\/uploads\/2026\/01\/3-784x700.png 500w\" data-src=\"https:\/\/test1.plannamedia.pl\/wp-content\/uploads\/2026\/01\/3-784x700.png\" \/>            \n                <\/div>\n    <\/div>\n\n<\/section><!-- widget-container -->\t\t\t\t<\/div>\n\t\t\t\t<\/div>\n\t\t\t\t<\/div>\n\t\t<div class=\"elementor-element elementor-element-0e24833 e-con-full e-flex wpr-particle-no wpr-jarallax-no wpr-parallax-no wpr-sticky-section-no e-con e-child\" data-id=\"0e24833\" data-element_type=\"container\">\n\t\t\t\t<div class=\"elementor-element elementor-element-b3f9d1a aux-appear-watch-animation aux-fade-in-up elementor-widget elementor-widget-aux_modern_heading\" data-id=\"b3f9d1a\" data-element_type=\"widget\" data-widget_type=\"aux_modern_heading.default\">\n\t\t\t\t<div class=\"elementor-widget-container\">\n\t\t\t\t\t<section class=\"aux-widget-modern-heading\">\n            <div class=\"aux-widget-inner\"><h2 class=\"aux-modern-heading-primary\"><\/h2><h3 class=\"aux-modern-heading-secondary\"><span class=\"aux-head-before\">Elastyczne rozwi\u0105zania<\/span><\/h3><div class=\"aux-modern-heading-divider\"><\/div><div class=\"aux-modern-heading-description\"><p data-start=\"812\" data-end=\"858\"><em><strong>Dostosowujemy magazynowanie do Twoich potrzeb:<\/strong><\/em><\/p><p data-start=\"861\" data-end=\"910\">-kr\u00f3tkoterminowe i d\u0142ugoterminowe przechowywanie<\/p><p data-start=\"913\" data-end=\"969\">-magazynowanie przed wysy\u0142k\u0105 lub po odbiorze transportu<\/p><p data-start=\"972\" data-end=\"1006\">-mo\u017cliwo\u015b\u0107 konsolidacji przesy\u0142ek<\/p><p data-start=\"1008\" data-end=\"1051\"><em><strong>Obs\u0142uga transportowa Polska \u2013 Hiszpania<\/strong><\/em><\/p><p data-start=\"1052\" data-end=\"1116\">Magazynowanie mo\u017ce by\u0107 cz\u0119\u015bci\u0105 kompleksowej us\u0142ugi logistycznej:<\/p><p data-start=\"1119\" data-end=\"1159\">-odbi\u00f3r paczek w Polsce i magazynowanie<\/p><p data-start=\"1162\" data-end=\"1218\">-przygotowanie przesy\u0142ek do transportu mi\u0119dzynarodowego<\/p><p data-start=\"1221\" data-end=\"1286\">-magazynowanie w Hiszpanii przed dalsz\u0105 dystrybucj\u0105 lub odbiorem<\/p><\/div><\/div>\n        <\/section>\t\t\t\t<\/div>\n\t\t\t\t<\/div>\n\t\t\t\t<\/div>\n\t\t\t\t\t<\/div>\n\t\t\t\t<\/div>\n\t\t\t\t<\/div>\n\t\t","protected":false},"excerpt":{"rendered":"<p>Magazynowanie Magazynowanie i przechowywanie paczek Oferujemy bezpieczne i elastyczne magazynowanie paczek oraz towar\u00f3w w ramach obs\u0142ugi transportu na trasie Polska\u2013Hiszpania. Nasza us\u0142uga jest idealnym rozwi\u0105zaniem dla firm oraz klient\u00f3w indywidualnych, kt\u00f3rzy potrzebuj\u0105 czasowego przechowania przesy\u0142ek przed dalszym transportem lub dystrybucj\u0105. Bezpieczne przechowywanie Zapewniamy nowoczesne, monitorowane magazyny, kt\u00f3re gwarantuj\u0105: -ochron\u0119 przed uszkodzeniami i warunkami atmosferycznymi -sta\u0142y nadz\u00f3r i kontrol\u0119 dost\u0119pu -odpowiednie warunki dla paczek i towar\u00f3w paletowych Elastyczne rozwi\u0105zania Dostosowujemy magazynowanie do Twoich potrzeb: -kr\u00f3tkoterminowe i d\u0142ugoterminowe przechowywanie -magazynowanie przed wysy\u0142k\u0105 lub po odbiorze transportu -mo\u017cliwo\u015b\u0107 konsolidacji przesy\u0142ek Obs\u0142uga transportowa Polska \u2013 Hiszpania Magazynowanie mo\u017ce by\u0107 cz\u0119\u015bci\u0105 kompleksowej us\u0142ugi logistycznej: -odbi\u00f3r paczek w Polsce i magazynowanie -przygotowanie przesy\u0142ek do transportu mi\u0119dzynarodowego -magazynowanie w Hiszpanii przed dalsz\u0105 dystrybucj\u0105 lub odbiorem<\/p>\n","protected":false},"author":1,"featured_media":0,"parent":0,"menu_order":0,"comment_status":"closed","ping_status":"closed","template":"templates\/page-builder-content.php","meta":{"footnotes":""},"class_list":["post-197","page","type-page","status-publish","hentry"],"_links":{"self":[{"href":"https:\/\/test1.plannamedia.pl\/index.php?rest_route=\/wp\/v2\/pages\/197","targetHints":{"allow":["GET"]}}],"collection":[{"href":"https:\/\/test1.plannamedia.pl\/index.php?rest_route=\/wp\/v2\/pages"}],"about":[{"href":"https:\/\/test1.plannamedia.pl\/index.php?rest_route=\/wp\/v2\/types\/page"}],"author":[{"embeddable":true,"href":"https:\/\/test1.plannamedia.pl\/index.php?rest_route=\/wp\/v2\/users\/1"}],"replies":[{"embeddable":true,"href":"https:\/\/test1.plannamedia.pl\/index.php?rest_route=%2Fwp%2Fv2%2Fcomments&post=197"}],"version-history":[{"count":19,"href":"https:\/\/test1.plannamedia.pl\/index.php?rest_route=\/wp\/v2\/pages\/197\/revisions"}],"predecessor-version":[{"id":248,"href":"https:\/\/test1.plannamedia.pl\/index.php?rest_route=\/wp\/v2\/pages\/197\/revisions\/248"}],"wp:attachment":[{"href":"https:\/\/test1.plannamedia.pl\/index.php?rest_route=%2Fwp%2Fv2%2Fmedia&parent=197"}],"curies":[{"name":"wp","href":"https:\/\/api.w.org\/{rel}","templated":true}]}}